{"id":600,"date":"2022-10-19T13:17:20","date_gmt":"2022-10-19T13:17:20","guid":{"rendered":"http:\/\/skryptorium.org\/?page_id=600"},"modified":"2024-01-01T16:50:04","modified_gmt":"2024-01-01T16:50:04","slug":"wesprzyj-nas","status":"publish","type":"page","link":"https:\/\/skryptorium.org\/index.php\/wesprzyj-nas\/","title":{"rendered":"Wesprzyj nas"},"content":{"rendered":"\n<p>Jako fundacja swoj\u0105 dzia\u0142alno\u015b\u0107 prowadzimy charytatywnie i wszelkie wsparcie jest mile widziane. <\/p>\n\n\n<p>Od nowego, 2024 roku, mamy mo\u017cliwo\u015b\u0107 dzi\u0119ki partnerstwu z Fundacj\u0105 &#8222;M\u0142odzi M\u0142odym&#8221; pozyskiwa\u0107 \u015brodki z 1,5 procenta. Dlatego b\u0119dzie nam bardzo mi\u0142o, je\u015bli przeka\u017cecie sw\u00f3j procent z podatku na nasz\u0105 dzia\u0142alno\u015b\u0107. Wystarczy, podczas wype\u0142niania formularza PIT wpisa\u0107<\/p>\n<p><strong>KRS: 000270261<\/strong><br \/><strong>oraz poni\u017cszy cel szczeg\u00f3\u0142owy: Fundacja Skryptorium 15222<\/strong><\/p>\n<p><img data-recalc-dims=\"1\" loading=\"lazy\" decoding=\"async\" class=\"size-full wp-image-1043 aligncenter\" src=\"https:\/\/i0.wp.com\/skryptorium.org\/wp-content\/uploads\/2024\/01\/procent2.jpg?resize=1008%2C544&#038;ssl=1\" alt=\"\" width=\"1008\" height=\"544\" srcset=\"https:\/\/i0.wp.com\/skryptorium.org\/wp-content\/uploads\/2024\/01\/procent2.jpg?w=1008&amp;ssl=1 1008w, https:\/\/i0.wp.com\/skryptorium.org\/wp-content\/uploads\/2024\/01\/procent2.jpg?resize=300%2C162&amp;ssl=1 300w, https:\/\/i0.wp.com\/skryptorium.org\/wp-content\/uploads\/2024\/01\/procent2.jpg?resize=768%2C414&amp;ssl=1 768w, https:\/\/i0.wp.com\/skryptorium.org\/wp-content\/uploads\/2024\/01\/procent2.jpg?resize=880%2C475&amp;ssl=1 880w, https:\/\/i0.wp.com\/skryptorium.org\/wp-content\/uploads\/2024\/01\/procent2.jpg?resize=675%2C364&amp;ssl=1 675w, https:\/\/i0.wp.com\/skryptorium.org\/wp-content\/uploads\/2024\/01\/procent2.jpg?resize=360%2C194&amp;ssl=1 360w\" sizes=\"auto, (max-width: 1000px) 100vw, 1000px\" \/><\/p>\n\n\n<p>Je\u015bli podoba Ci si\u0119 to, jak w pocie czo\u0142a oczyszczamy nasze pla\u017ce z zalegaj\u0105cego na nich z\u0142omu, jak wydobywamy z niej zabytki oraz je\u015bli w og\u00f3le nas lubisz i nasz\u0105 pozosta\u0142\u0105 dzia\u0142alno\u015b\u0107, mo\u017cesz nas wesprze\u0107 darowizn\u0105, nawet symboliczn\u0105,  na przys\u0142owiow\u0105 kaw\u0119, kt\u00f3ra ogrzeje nas w zimne dni. A ju\u017c za termos kawy mo\u017cemy nawet zaprosi\u0107 na wsp\u00f3lne &#8222;zabawy&#8221; w piasku!<\/p>\n\n\n\n<p>Ka\u017cda, nawet najmniejsza kwota, ma znaczenie!<\/p>\n\n\n\n<p>W tytule przelewu prosimy wpisywa\u0107 &#8222;Dobrowolna darowizna na cele statutowe&#8221;<\/p>\n\n\n\n<p><strong>Fundacja &#8222;Skryptorium&#8221;<\/strong><\/p>\n\n\n\n<p><strong>11 8562 0007 0060 1006 2000 0010<\/strong><br>Bank Sp\u00f3\u0142dzielczy w Bia\u0142ogardzie o. Dygowo<\/p>\n\n\n\n<p>Ze wzgl\u0119du na przepisy podatkowe wp\u0142aty z innym tytu\u0142em ni\u017c &#8222;Dobrowolna darowizna na cele statutowe&#8221; b\u0119dziemy zmuszeni zwr\u00f3ci\u0107, a to ju\u017c by\u0142by dramat prawdziwy&#8230;<\/p>\n\n\n\n<p>Mi\u0142o nam b\u0119dzie, gdy do\u0142\u0105czysz do spo\u0142eczno\u015bci os\u00f3b regularnie nas wspieraj\u0105cych na Patronite. Wystarczy, \u017ce klikniesz&nbsp;<a href=\"https:\/\/patronite.pl\/skryptorium\" target=\"_blank\" rel=\"noopener\">tutaj <\/a>a nagrody Ci\u0119 nie omin\u0105 \ud83d\ude42<\/p>\n\n\n\n<iframe loading=\"lazy\" src=\"https:\/\/patronite.pl\/widget\/skryptorium\/721377\/small\/light\/colorful?description=Dzi%C4%99kuj%C4%99%20za%20Twoje%20wsparcie!\" width=\"360\" height=\"330\" frameborder=\"0\" scrolling=\"no\"><\/iframe>\n\n\n\n<p>Je\u015bli jednak nie chcesz wchodzi\u0107 z nami w regularne zobowi\u0105zania, co jest zrozumia\u0142e w trudnych czasach, mi\u0142o nam b\u0119dzie, je\u015bli postawisz nam t\u0119 wirtualn\u0105 kaw\u0119. Najpro\u015bciej:&nbsp;<a href=\"http:\/\/buycoffee.to\/skryptorium\" target=\"_blank\" rel=\"noopener\">tutaj<\/a><\/p>\n\n\n\n<p>Za wszelkie wsparcie, nawet najmniejsze, dzi\u0119kujemy ogromnie!<\/p>\n\n\n\n<p>Dzi\u0119kujemy!<\/p>\n","protected":false},"excerpt":{"rendered":"<p>Jako fundacja swoj\u0105 dzia\u0142alno\u015b\u0107 prowadzimy charytatywnie i wszelkie wsparcie jest mile widziane. Od nowego, 2024 roku, mamy mo\u017cliwo\u015b\u0107 dzi\u0119ki partnerstwu z Fundacj\u0105 &#8222;M\u0142odzi M\u0142odym&#8221; pozyskiwa\u0107 \u015brodki z 1,5 procenta. Dlatego b\u0119dzie nam bardzo mi\u0142o, je\u015bli przeka\u017cecie sw\u00f3j procent z podatku na nasz\u0105 dzia\u0142alno\u015b\u0107. Wystarczy, podczas wype\u0142niania formularza PIT wpisa\u0107 KRS:&#8230;<\/p>\n","protected":false},"author":1,"featured_media":0,"parent":0,"menu_order":0,"comment_status":"closed","ping_status":"closed","template":"","meta":{"footnotes":""},"class_list":["post-600","page","type-page","status-publish","hentry"],"yoast_head":"<!-- This site is optimized with the Yoast SEO plugin v26.9 - https:\/\/yoast.com\/product\/yoast-seo-wordpress\/ -->\n<title>Wesprzyj nas - Fundacja &quot;Skryptorium&quot;<\/title>\n<meta name=\"robots\" content=\"index, follow, max-snippet:-1, max-image-preview:large, max-video-preview:-1\" \/>\n<link rel=\"canonical\" href=\"https:\/\/skryptorium.org\/index.php\/wesprzyj-nas\/\" \/>\n<meta property=\"og:locale\" content=\"pl_PL\" \/>\n<meta property=\"og:type\" content=\"article\" \/>\n<meta property=\"og:title\" content=\"Wesprzyj nas - Fundacja &quot;Skryptorium&quot;\" \/>\n<meta property=\"og:description\" content=\"Jako fundacja swoj\u0105 dzia\u0142alno\u015b\u0107 prowadzimy charytatywnie i wszelkie wsparcie jest mile widziane. Od nowego, 2024 roku, mamy mo\u017cliwo\u015b\u0107 dzi\u0119ki partnerstwu z Fundacj\u0105 &#8222;M\u0142odzi M\u0142odym&#8221; pozyskiwa\u0107 \u015brodki z 1,5 procenta. Dlatego b\u0119dzie nam bardzo mi\u0142o, je\u015bli przeka\u017cecie sw\u00f3j procent z podatku na nasz\u0105 dzia\u0142alno\u015b\u0107. Wystarczy, podczas wype\u0142niania formularza PIT wpisa\u0107 KRS:...\" \/>\n<meta property=\"og:url\" content=\"https:\/\/skryptorium.org\/index.php\/wesprzyj-nas\/\" \/>\n<meta property=\"og:site_name\" content=\"Fundacja &quot;Skryptorium&quot;\" \/>\n<meta property=\"article:publisher\" content=\"https:\/\/www.facebook.com\/fundacja.skryptorium\/\" \/>\n<meta property=\"article:modified_time\" content=\"2024-01-01T16:50:04+00:00\" \/>\n<meta property=\"og:image\" content=\"http:\/\/skryptorium.org\/wp-content\/uploads\/2024\/01\/procent2.jpg\" \/>\n<meta name=\"twitter:card\" content=\"summary_large_image\" \/>\n<meta name=\"twitter:label1\" content=\"Szacowany czas czytania\" \/>\n\t<meta name=\"twitter:data1\" content=\"1 minuta\" \/>\n<script type=\"application\/ld+json\" class=\"yoast-schema-graph\">{\"@context\":\"https:\/\/schema.org\",\"@graph\":[{\"@type\":\"WebPage\",\"@id\":\"https:\/\/skryptorium.org\/index.php\/wesprzyj-nas\/\",\"url\":\"https:\/\/skryptorium.org\/index.php\/wesprzyj-nas\/\",\"name\":\"Wesprzyj nas - Fundacja &quot;Skryptorium&quot;\",\"isPartOf\":{\"@id\":\"https:\/\/skryptorium.org\/#website\"},\"primaryImageOfPage\":{\"@id\":\"https:\/\/skryptorium.org\/index.php\/wesprzyj-nas\/#primaryimage\"},\"image\":{\"@id\":\"https:\/\/skryptorium.org\/index.php\/wesprzyj-nas\/#primaryimage\"},\"thumbnailUrl\":\"http:\/\/skryptorium.org\/wp-content\/uploads\/2024\/01\/procent2.jpg\",\"datePublished\":\"2022-10-19T13:17:20+00:00\",\"dateModified\":\"2024-01-01T16:50:04+00:00\",\"breadcrumb\":{\"@id\":\"https:\/\/skryptorium.org\/index.php\/wesprzyj-nas\/#breadcrumb\"},\"inLanguage\":\"pl-PL\",\"potentialAction\":[{\"@type\":\"ReadAction\",\"target\":[\"https:\/\/skryptorium.org\/index.php\/wesprzyj-nas\/\"]}]},{\"@type\":\"ImageObject\",\"inLanguage\":\"pl-PL\",\"@id\":\"https:\/\/skryptorium.org\/index.php\/wesprzyj-nas\/#primaryimage\",\"url\":\"http:\/\/skryptorium.org\/wp-content\/uploads\/2024\/01\/procent2.jpg\",\"contentUrl\":\"http:\/\/skryptorium.org\/wp-content\/uploads\/2024\/01\/procent2.jpg\"},{\"@type\":\"BreadcrumbList\",\"@id\":\"https:\/\/skryptorium.org\/index.php\/wesprzyj-nas\/#breadcrumb\",\"itemListElement\":[{\"@type\":\"ListItem\",\"position\":1,\"name\":\"Strona g\u0142\u00f3wna\",\"item\":\"https:\/\/skryptorium.org\/\"},{\"@type\":\"ListItem\",\"position\":2,\"name\":\"Wesprzyj nas\"}]},{\"@type\":\"WebSite\",\"@id\":\"https:\/\/skryptorium.org\/#website\",\"url\":\"https:\/\/skryptorium.org\/\",\"name\":\"Fundacja \\\"Skryptorium\\\"\",\"description\":\"Historia - archeologia - badania - eksploracja - relacje \",\"publisher\":{\"@id\":\"https:\/\/skryptorium.org\/#organization\"},\"potentialAction\":[{\"@type\":\"SearchAction\",\"target\":{\"@type\":\"EntryPoint\",\"urlTemplate\":\"https:\/\/skryptorium.org\/?s={search_term_string}\"},\"query-input\":{\"@type\":\"PropertyValueSpecification\",\"valueRequired\":true,\"valueName\":\"search_term_string\"}}],\"inLanguage\":\"pl-PL\"},{\"@type\":\"Organization\",\"@id\":\"https:\/\/skryptorium.org\/#organization\",\"name\":\"Fundacja \\\"Skryptorium\\\"\",\"url\":\"https:\/\/skryptorium.org\/\",\"logo\":{\"@type\":\"ImageObject\",\"inLanguage\":\"pl-PL\",\"@id\":\"https:\/\/skryptorium.org\/#\/schema\/logo\/image\/\",\"url\":\"http:\/\/skryptorium.org\/wp-content\/uploads\/2021\/02\/skryptorium-belka-2.jpg\",\"contentUrl\":\"http:\/\/skryptorium.org\/wp-content\/uploads\/2021\/02\/skryptorium-belka-2.jpg\",\"width\":2000,\"height\":300,\"caption\":\"Fundacja \\\"Skryptorium\\\"\"},\"image\":{\"@id\":\"https:\/\/skryptorium.org\/#\/schema\/logo\/image\/\"},\"sameAs\":[\"https:\/\/www.facebook.com\/fundacja.skryptorium\/\"]}]}<\/script>\n<!-- \/ Yoast SEO plugin. -->","yoast_head_json":{"title":"Wesprzyj nas - Fundacja &quot;Skryptorium&quot;","robots":{"index":"index","follow":"follow","max-snippet":"max-snippet:-1","max-image-preview":"max-image-preview:large","max-video-preview":"max-video-preview:-1"},"canonical":"https:\/\/skryptorium.org\/index.php\/wesprzyj-nas\/","og_locale":"pl_PL","og_type":"article","og_title":"Wesprzyj nas - Fundacja &quot;Skryptorium&quot;","og_description":"Jako fundacja swoj\u0105 dzia\u0142alno\u015b\u0107 prowadzimy charytatywnie i wszelkie wsparcie jest mile widziane. Od nowego, 2024 roku, mamy mo\u017cliwo\u015b\u0107 dzi\u0119ki partnerstwu z Fundacj\u0105 &#8222;M\u0142odzi M\u0142odym&#8221; pozyskiwa\u0107 \u015brodki z 1,5 procenta. Dlatego b\u0119dzie nam bardzo mi\u0142o, je\u015bli przeka\u017cecie sw\u00f3j procent z podatku na nasz\u0105 dzia\u0142alno\u015b\u0107. Wystarczy, podczas wype\u0142niania formularza PIT wpisa\u0107 KRS:...","og_url":"https:\/\/skryptorium.org\/index.php\/wesprzyj-nas\/","og_site_name":"Fundacja &quot;Skryptorium&quot;","article_publisher":"https:\/\/www.facebook.com\/fundacja.skryptorium\/","article_modified_time":"2024-01-01T16:50:04+00:00","og_image":[{"url":"http:\/\/skryptorium.org\/wp-content\/uploads\/2024\/01\/procent2.jpg","type":"","width":"","height":""}],"twitter_card":"summary_large_image","twitter_misc":{"Szacowany czas czytania":"1 minuta"},"schema":{"@context":"https:\/\/schema.org","@graph":[{"@type":"WebPage","@id":"https:\/\/skryptorium.org\/index.php\/wesprzyj-nas\/","url":"https:\/\/skryptorium.org\/index.php\/wesprzyj-nas\/","name":"Wesprzyj nas - Fundacja &quot;Skryptorium&quot;","isPartOf":{"@id":"https:\/\/skryptorium.org\/#website"},"primaryImageOfPage":{"@id":"https:\/\/skryptorium.org\/index.php\/wesprzyj-nas\/#primaryimage"},"image":{"@id":"https:\/\/skryptorium.org\/index.php\/wesprzyj-nas\/#primaryimage"},"thumbnailUrl":"http:\/\/skryptorium.org\/wp-content\/uploads\/2024\/01\/procent2.jpg","datePublished":"2022-10-19T13:17:20+00:00","dateModified":"2024-01-01T16:50:04+00:00","breadcrumb":{"@id":"https:\/\/skryptorium.org\/index.php\/wesprzyj-nas\/#breadcrumb"},"inLanguage":"pl-PL","potentialAction":[{"@type":"ReadAction","target":["https:\/\/skryptorium.org\/index.php\/wesprzyj-nas\/"]}]},{"@type":"ImageObject","inLanguage":"pl-PL","@id":"https:\/\/skryptorium.org\/index.php\/wesprzyj-nas\/#primaryimage","url":"http:\/\/skryptorium.org\/wp-content\/uploads\/2024\/01\/procent2.jpg","contentUrl":"http:\/\/skryptorium.org\/wp-content\/uploads\/2024\/01\/procent2.jpg"},{"@type":"BreadcrumbList","@id":"https:\/\/skryptorium.org\/index.php\/wesprzyj-nas\/#breadcrumb","itemListElement":[{"@type":"ListItem","position":1,"name":"Strona g\u0142\u00f3wna","item":"https:\/\/skryptorium.org\/"},{"@type":"ListItem","position":2,"name":"Wesprzyj nas"}]},{"@type":"WebSite","@id":"https:\/\/skryptorium.org\/#website","url":"https:\/\/skryptorium.org\/","name":"Fundacja \"Skryptorium\"","description":"Historia - archeologia - badania - eksploracja - relacje ","publisher":{"@id":"https:\/\/skryptorium.org\/#organization"},"potentialAction":[{"@type":"SearchAction","target":{"@type":"EntryPoint","urlTemplate":"https:\/\/skryptorium.org\/?s={search_term_string}"},"query-input":{"@type":"PropertyValueSpecification","valueRequired":true,"valueName":"search_term_string"}}],"inLanguage":"pl-PL"},{"@type":"Organization","@id":"https:\/\/skryptorium.org\/#organization","name":"Fundacja \"Skryptorium\"","url":"https:\/\/skryptorium.org\/","logo":{"@type":"ImageObject","inLanguage":"pl-PL","@id":"https:\/\/skryptorium.org\/#\/schema\/logo\/image\/","url":"http:\/\/skryptorium.org\/wp-content\/uploads\/2021\/02\/skryptorium-belka-2.jpg","contentUrl":"http:\/\/skryptorium.org\/wp-content\/uploads\/2021\/02\/skryptorium-belka-2.jpg","width":2000,"height":300,"caption":"Fundacja \"Skryptorium\""},"image":{"@id":"https:\/\/skryptorium.org\/#\/schema\/logo\/image\/"},"sameAs":["https:\/\/www.facebook.com\/fundacja.skryptorium\/"]}]}},"jetpack_sharing_enabled":true,"jetpack_likes_enabled":false,"_links":{"self":[{"href":"https:\/\/skryptorium.org\/index.php\/wp-json\/wp\/v2\/pages\/600","targetHints":{"allow":["GET"]}}],"collection":[{"href":"https:\/\/skryptorium.org\/index.php\/wp-json\/wp\/v2\/pages"}],"about":[{"href":"https:\/\/skryptorium.org\/index.php\/wp-json\/wp\/v2\/types\/page"}],"author":[{"embeddable":true,"href":"https:\/\/skryptorium.org\/index.php\/wp-json\/wp\/v2\/users\/1"}],"replies":[{"embeddable":true,"href":"https:\/\/skryptorium.org\/index.php\/wp-json\/wp\/v2\/comments?post=600"}],"version-history":[{"count":9,"href":"https:\/\/skryptorium.org\/index.php\/wp-json\/wp\/v2\/pages\/600\/revisions"}],"predecessor-version":[{"id":1044,"href":"https:\/\/skryptorium.org\/index.php\/wp-json\/wp\/v2\/pages\/600\/revisions\/1044"}],"wp:attachment":[{"href":"https:\/\/skryptorium.org\/index.php\/wp-json\/wp\/v2\/media?parent=600"}],"curies":[{"name":"wp","href":"https:\/\/api.w.org\/{rel}","templated":true}]}}