{"id":3,"date":"2021-01-04T13:48:46","date_gmt":"2021-01-04T13:48:46","guid":{"rendered":"http:\/\/skryptorium.org\/?page_id=3"},"modified":"2021-01-04T19:33:06","modified_gmt":"2021-01-04T19:33:06","slug":"privacy-policy","status":"publish","type":"page","link":"https:\/\/skryptorium.org\/index.php\/privacy-policy\/","title":{"rendered":"Polityka prywatno\u015bci Fundacji &#8222;Skryptorium&#8221;"},"content":{"rendered":"\n<p><\/p>\n\n\n\n<p class=\"has-text-align-left\">Administratorem danych osobowych jest Fundacja &#8222;Skryptorium&#8221; (zwan\u0105 dalej: Fundacja, lub opisane w liczbie mnogiej jako \u201emy\u201d) z siedzib\u0105 w Ko\u0142obrzegu. Aby si\u0119 z nami skontaktowa\u0107, nale\u017cy wys\u0142a\u0107 wiadomo\u015b\u0107 na adres e-mailowy: fundacja@skryptorium.org  <\/p>\n\n\n\n<ul class=\"wp-block-list\"><li>W Polityce prywatno\u015bci zbieramy najwa\u017cniejsze informacje dotycz\u0105ce zasad przetwarzania danych osobowych w naszej Fundacji i tylko w zakresie, w jakim jest to konieczne. Zawsze staramy si\u0119 wyja\u015bni\u0107, w jakich celach to robimy i na jakiej podstawie prawnej. Informujemy r\u00f3wnie\u017c, jakie prawa przys\u0142uguj\u0105 osobom, kt\u00f3rych dane przetwarzamy.<\/li><\/ul>\n\n\n\n<ul class=\"wp-block-list\"><li>W naszej polityce prywatno\u015bci maj\u0105 zastosowanie przepisy dotycz\u0105ce anonimizacji oraz pseudonimizacji. Oznacza to, \u017ce w ka\u017cdej chwili w\u0142a\u015bciciel danych osobowych mo\u017ce za\u017c\u0105da\u0107 ich wykre\u015blenia lub ukrycia, szczeg\u00f3lnie w celach np. publikacji internetowej jakichkolwiek sprawozda\u0144. W tym celu nale\u017cy wys\u0142a\u0107 do nas stosowny wniosek.<\/li><\/ul>\n\n\n\n<ul class=\"wp-block-list\"><li>Dok\u0142adamy wszelkich stara\u0144, aby ka\u017cdy Darczy\u0144ca, cz\u0142onek Fundacji i osoby lub instytucje wsp\u00f3\u0142pracuj\u0105ce mog\u0142y swobodnie mie\u0107 w ka\u017cdej chwili dost\u0119p do swoich danych i prawo ich modyfikacji.<\/li><\/ul>\n\n\n\n<ul class=\"wp-block-list\"><li>Wi\u0119kszo\u015b\u0107 danych przechowujemy w formie elektronicznej: przede wszystkim na serwerze, a tak\u017ce \u2013 w ograniczonym zakresie \u2013 na komputerze oraz w telefonach. Przetwarzamy dane za po\u015brednictwem narz\u0119dzi informatycznych wykorzystywanych przez zesp\u00f3\u0142 i podmioty wsp\u00f3\u0142pracuj\u0105ce z Fundacj\u0105, przede wszystkim: poczty e-mail i chmury do przechowywania plik\u00f3w. Cz\u0119\u015b\u0107 danych przechowujemy w formie dokumentacji papierowej.<\/li><\/ul>\n\n\n\n<ul class=\"wp-block-list\"><li>Dane osobowe powierzamy do przetwarzania podmiotom, z kt\u00f3rymi na sta\u0142e wsp\u00f3\u0142pracujemy, a kt\u00f3re odpowiadaj\u0105 za:<\/li><li>&#8211; obs\u0142ug\u0119 informatyczn\u0105 Fundacji,<\/li><li>&#8211; obs\u0142ug\u0119 ksi\u0119gow\u0105 Fundacji (dotyczy to danych os\u00f3b wspieraj\u0105cych nas darowiznami).<\/li><\/ul>\n\n\n\n<ul class=\"wp-block-list\"><li>Podmioty te dzia\u0142aj\u0105 na podstawie um\u00f3w powierzenia i na r\u00f3wni z nami s\u0105 zobowi\u0105zane do ochrony danych osobowych.<\/li><\/ul>\n\n\n\n<ul class=\"wp-block-list\"><li>W przypadku korzystania z komunikacji poczt\u0105 tradycyjn\u0105 dane osobowe powierzamy do przetwarzania po\u015brednikom pocztowym (Poczcie Polskiej oraz innym firmom dzia\u0142aj\u0105cym na podstawie prawa pocztowego, np. kurierom) na podstawie um\u00f3w powierzenia i regulamin\u00f3w us\u0142ug.<\/li><\/ul>\n\n\n\n<ul class=\"wp-block-list\"><li>W niekt\u00f3rych sytuacjach przekazujemy dane innym odbiorcom (np. wsp\u00f3\u0142pracuj\u0105cym z nami przy organizacji r\u00f3\u017cnych wydarze\u0144 lub zbi\u00f3rek publicznych) jednak tylko w przypadku, gdy wymagaj\u0105 tego przepisy prawa.  W takich przypadkach zawsze o tym uprzednio informujemy.<\/li><li>Dok\u0142adamy stara\u0144, by wszystkie nasze dzia\u0142ania zwi\u0105zane z danymi osobowymi by\u0142y zgodne z prawem oraz misj\u0105 i warto\u015bciami, jakie reprezentuje Fundacja, a tak\u017ce by opiera\u0142y si\u0119 na szacunku dla prywatno\u015bci i autonomii os\u00f3b, kt\u00f3rych dane przetwarzamy.<\/li><li>Osoby, kt\u00f3rych dane przetwarzamy na podstawie naszego prawnie uzasadnionego interesu (np. w przypadku wysy\u0142ki podzi\u0119kowa\u0144 osobom wspieraj\u0105cym nas darowiznami oraz adresatom informacji prasowych), w ka\u017cdej chwili mog\u0105 zg\u0142osi\u0107 sprzeciw, o\u015bwiadczaj\u0105c, \u017ce nie \u017cycz\u0105 sobie, by\u015bmy w ten spos\u00f3b wykorzystywali ich dane. W takiej sytuacji, aby Twoje dane by\u0142y ca\u0142kowicie bezpieczne, mo\u017cemy poprosi\u0107 o dodatkowe potwierdzenie i identyfikacj\u0119 w celu uzyskania pewno\u015bci, \u017ce prosi nas o to osoba uprawniona.<\/li><li>Je\u015bli przetwarzamy dane w celu realizacji umowy polegaj\u0105cej na wysy\u0142ce materia\u0142\u00f3w (np. newsletter) &#8211; w ka\u017cdej chwili mo\u017cna z niej zrezygnowa\u0107.<\/li><li>Inne umowy&nbsp; &#8211; w tym np. darowizny &#8211; mo\u017cna wypowiedzie\u0107 na zasadach okre\u015blonych w prawie lub w samej umowie. Je\u015bli przetwarzamy dane na podstawie zgody, mo\u017cna j\u0105 w ka\u017cdej chwili wycofa\u0107.<\/li><li>Je\u015bli uwa\u017casz, \u017ce Twoje dane mog\u0142y zosta\u0107 przez nas naruszone w jakikolwiek niezamierzony przez nas spos\u00f3b, poinformuj nas o tym niezw\u0142ocznie. Mo\u017cesz te\u017c z\u0142o\u017cy\u0107 skarg\u0119 Prezesa Urz\u0119du Ochrony Danych Osobowych.<\/li><li>Zapewniamy, \u017ce dok\u0142adamy wszelkich stara\u0144, aby Twoje dane by\u0142y bezpieczne i przekazywane osobom trzecim tylko w razie prawnej konieczno\u015bci \u2013 np. zgodnie z nakazem s\u0105dowym lub je\u017celi osoby trzecie w spos\u00f3b wiarygodny uzasadni\u0105 potrzeb\u0119 posiadania tych danych na podstawie pisemnego wniosku.<\/li><\/ul>\n\n\n\n<p><\/p>\n\n\n\n<h3 class=\"wp-block-heading\"><\/h3>\n\n\n\n<h3 class=\"wp-block-heading\"><\/h3>\n\n\n\n<h3 class=\"wp-block-heading\"><\/h3>\n\n\n\n<h3 class=\"wp-block-heading\"><\/h3>\n","protected":false},"excerpt":{"rendered":"<p>Administratorem danych osobowych jest Fundacja &#8222;Skryptorium&#8221; (zwan\u0105 dalej: Fundacja, lub opisane w liczbie mnogiej jako \u201emy\u201d) z siedzib\u0105 w Ko\u0142obrzegu. Aby si\u0119 z nami skontaktowa\u0107, nale\u017cy wys\u0142a\u0107 wiadomo\u015b\u0107 na adres e-mailowy: fundacja@skryptorium.org W Polityce prywatno\u015bci zbieramy najwa\u017cniejsze informacje dotycz\u0105ce zasad przetwarzania danych osobowych w naszej Fundacji i tylko w zakresie,&#8230;<\/p>\n","protected":false},"author":1,"featured_media":0,"parent":0,"menu_order":0,"comment_status":"closed","ping_status":"open","template":"","meta":{"footnotes":""},"class_list":["post-3","page","type-page","status-publish","hentry"],"yoast_head":"<!-- This site is optimized with the Yoast SEO plugin v26.9 - https:\/\/yoast.com\/product\/yoast-seo-wordpress\/ -->\n<title>Polityka prywatno\u015bci Fundacji &quot;Skryptorium&quot; - Fundacja &quot;Skryptorium&quot;<\/title>\n<meta name=\"robots\" content=\"index, follow, max-snippet:-1, max-image-preview:large, max-video-preview:-1\" \/>\n<link rel=\"canonical\" href=\"https:\/\/skryptorium.org\/index.php\/privacy-policy\/\" \/>\n<meta property=\"og:locale\" content=\"pl_PL\" \/>\n<meta property=\"og:type\" content=\"article\" \/>\n<meta property=\"og:title\" content=\"Polityka prywatno\u015bci Fundacji &quot;Skryptorium&quot; - Fundacja &quot;Skryptorium&quot;\" \/>\n<meta property=\"og:description\" content=\"Administratorem danych osobowych jest Fundacja &#8222;Skryptorium&#8221; (zwan\u0105 dalej: Fundacja, lub opisane w liczbie mnogiej jako \u201emy\u201d) z siedzib\u0105 w Ko\u0142obrzegu. Aby si\u0119 z nami skontaktowa\u0107, nale\u017cy wys\u0142a\u0107 wiadomo\u015b\u0107 na adres e-mailowy: fundacja@skryptorium.org W Polityce prywatno\u015bci zbieramy najwa\u017cniejsze informacje dotycz\u0105ce zasad przetwarzania danych osobowych w naszej Fundacji i tylko w zakresie,...\" \/>\n<meta property=\"og:url\" content=\"https:\/\/skryptorium.org\/index.php\/privacy-policy\/\" \/>\n<meta property=\"og:site_name\" content=\"Fundacja &quot;Skryptorium&quot;\" \/>\n<meta property=\"article:publisher\" content=\"https:\/\/www.facebook.com\/fundacja.skryptorium\/\" \/>\n<meta property=\"article:modified_time\" content=\"2021-01-04T19:33:06+00:00\" \/>\n<meta name=\"twitter:card\" content=\"summary_large_image\" \/>\n<meta name=\"twitter:label1\" content=\"Szacowany czas czytania\" \/>\n\t<meta name=\"twitter:data1\" content=\"3 minuty\" \/>\n<script type=\"application\/ld+json\" class=\"yoast-schema-graph\">{\"@context\":\"https:\/\/schema.org\",\"@graph\":[{\"@type\":\"WebPage\",\"@id\":\"https:\/\/skryptorium.org\/index.php\/privacy-policy\/\",\"url\":\"https:\/\/skryptorium.org\/index.php\/privacy-policy\/\",\"name\":\"Polityka prywatno\u015bci Fundacji \\\"Skryptorium\\\" - Fundacja &quot;Skryptorium&quot;\",\"isPartOf\":{\"@id\":\"https:\/\/skryptorium.org\/#website\"},\"datePublished\":\"2021-01-04T13:48:46+00:00\",\"dateModified\":\"2021-01-04T19:33:06+00:00\",\"breadcrumb\":{\"@id\":\"https:\/\/skryptorium.org\/index.php\/privacy-policy\/#breadcrumb\"},\"inLanguage\":\"pl-PL\",\"potentialAction\":[{\"@type\":\"ReadAction\",\"target\":[\"https:\/\/skryptorium.org\/index.php\/privacy-policy\/\"]}]},{\"@type\":\"BreadcrumbList\",\"@id\":\"https:\/\/skryptorium.org\/index.php\/privacy-policy\/#breadcrumb\",\"itemListElement\":[{\"@type\":\"ListItem\",\"position\":1,\"name\":\"Strona g\u0142\u00f3wna\",\"item\":\"https:\/\/skryptorium.org\/\"},{\"@type\":\"ListItem\",\"position\":2,\"name\":\"Polityka prywatno\u015bci Fundacji &#8222;Skryptorium&#8221;\"}]},{\"@type\":\"WebSite\",\"@id\":\"https:\/\/skryptorium.org\/#website\",\"url\":\"https:\/\/skryptorium.org\/\",\"name\":\"Fundacja \\\"Skryptorium\\\"\",\"description\":\"Historia - archeologia - badania - eksploracja - relacje \",\"publisher\":{\"@id\":\"https:\/\/skryptorium.org\/#organization\"},\"potentialAction\":[{\"@type\":\"SearchAction\",\"target\":{\"@type\":\"EntryPoint\",\"urlTemplate\":\"https:\/\/skryptorium.org\/?s={search_term_string}\"},\"query-input\":{\"@type\":\"PropertyValueSpecification\",\"valueRequired\":true,\"valueName\":\"search_term_string\"}}],\"inLanguage\":\"pl-PL\"},{\"@type\":\"Organization\",\"@id\":\"https:\/\/skryptorium.org\/#organization\",\"name\":\"Fundacja \\\"Skryptorium\\\"\",\"url\":\"https:\/\/skryptorium.org\/\",\"logo\":{\"@type\":\"ImageObject\",\"inLanguage\":\"pl-PL\",\"@id\":\"https:\/\/skryptorium.org\/#\/schema\/logo\/image\/\",\"url\":\"http:\/\/skryptorium.org\/wp-content\/uploads\/2021\/02\/skryptorium-belka-2.jpg\",\"contentUrl\":\"http:\/\/skryptorium.org\/wp-content\/uploads\/2021\/02\/skryptorium-belka-2.jpg\",\"width\":2000,\"height\":300,\"caption\":\"Fundacja \\\"Skryptorium\\\"\"},\"image\":{\"@id\":\"https:\/\/skryptorium.org\/#\/schema\/logo\/image\/\"},\"sameAs\":[\"https:\/\/www.facebook.com\/fundacja.skryptorium\/\"]}]}<\/script>\n<!-- \/ Yoast SEO plugin. -->","yoast_head_json":{"title":"Polityka prywatno\u015bci Fundacji \"Skryptorium\" - Fundacja &quot;Skryptorium&quot;","robots":{"index":"index","follow":"follow","max-snippet":"max-snippet:-1","max-image-preview":"max-image-preview:large","max-video-preview":"max-video-preview:-1"},"canonical":"https:\/\/skryptorium.org\/index.php\/privacy-policy\/","og_locale":"pl_PL","og_type":"article","og_title":"Polityka prywatno\u015bci Fundacji \"Skryptorium\" - Fundacja &quot;Skryptorium&quot;","og_description":"Administratorem danych osobowych jest Fundacja &#8222;Skryptorium&#8221; (zwan\u0105 dalej: Fundacja, lub opisane w liczbie mnogiej jako \u201emy\u201d) z siedzib\u0105 w Ko\u0142obrzegu. Aby si\u0119 z nami skontaktowa\u0107, nale\u017cy wys\u0142a\u0107 wiadomo\u015b\u0107 na adres e-mailowy: fundacja@skryptorium.org W Polityce prywatno\u015bci zbieramy najwa\u017cniejsze informacje dotycz\u0105ce zasad przetwarzania danych osobowych w naszej Fundacji i tylko w zakresie,...","og_url":"https:\/\/skryptorium.org\/index.php\/privacy-policy\/","og_site_name":"Fundacja &quot;Skryptorium&quot;","article_publisher":"https:\/\/www.facebook.com\/fundacja.skryptorium\/","article_modified_time":"2021-01-04T19:33:06+00:00","twitter_card":"summary_large_image","twitter_misc":{"Szacowany czas czytania":"3 minuty"},"schema":{"@context":"https:\/\/schema.org","@graph":[{"@type":"WebPage","@id":"https:\/\/skryptorium.org\/index.php\/privacy-policy\/","url":"https:\/\/skryptorium.org\/index.php\/privacy-policy\/","name":"Polityka prywatno\u015bci Fundacji \"Skryptorium\" - Fundacja &quot;Skryptorium&quot;","isPartOf":{"@id":"https:\/\/skryptorium.org\/#website"},"datePublished":"2021-01-04T13:48:46+00:00","dateModified":"2021-01-04T19:33:06+00:00","breadcrumb":{"@id":"https:\/\/skryptorium.org\/index.php\/privacy-policy\/#breadcrumb"},"inLanguage":"pl-PL","potentialAction":[{"@type":"ReadAction","target":["https:\/\/skryptorium.org\/index.php\/privacy-policy\/"]}]},{"@type":"BreadcrumbList","@id":"https:\/\/skryptorium.org\/index.php\/privacy-policy\/#breadcrumb","itemListElement":[{"@type":"ListItem","position":1,"name":"Strona g\u0142\u00f3wna","item":"https:\/\/skryptorium.org\/"},{"@type":"ListItem","position":2,"name":"Polityka prywatno\u015bci Fundacji &#8222;Skryptorium&#8221;"}]},{"@type":"WebSite","@id":"https:\/\/skryptorium.org\/#website","url":"https:\/\/skryptorium.org\/","name":"Fundacja \"Skryptorium\"","description":"Historia - archeologia - badania - eksploracja - relacje ","publisher":{"@id":"https:\/\/skryptorium.org\/#organization"},"potentialAction":[{"@type":"SearchAction","target":{"@type":"EntryPoint","urlTemplate":"https:\/\/skryptorium.org\/?s={search_term_string}"},"query-input":{"@type":"PropertyValueSpecification","valueRequired":true,"valueName":"search_term_string"}}],"inLanguage":"pl-PL"},{"@type":"Organization","@id":"https:\/\/skryptorium.org\/#organization","name":"Fundacja \"Skryptorium\"","url":"https:\/\/skryptorium.org\/","logo":{"@type":"ImageObject","inLanguage":"pl-PL","@id":"https:\/\/skryptorium.org\/#\/schema\/logo\/image\/","url":"http:\/\/skryptorium.org\/wp-content\/uploads\/2021\/02\/skryptorium-belka-2.jpg","contentUrl":"http:\/\/skryptorium.org\/wp-content\/uploads\/2021\/02\/skryptorium-belka-2.jpg","width":2000,"height":300,"caption":"Fundacja \"Skryptorium\""},"image":{"@id":"https:\/\/skryptorium.org\/#\/schema\/logo\/image\/"},"sameAs":["https:\/\/www.facebook.com\/fundacja.skryptorium\/"]}]}},"jetpack_sharing_enabled":true,"jetpack_likes_enabled":false,"_links":{"self":[{"href":"https:\/\/skryptorium.org\/index.php\/wp-json\/wp\/v2\/pages\/3","targetHints":{"allow":["GET"]}}],"collection":[{"href":"https:\/\/skryptorium.org\/index.php\/wp-json\/wp\/v2\/pages"}],"about":[{"href":"https:\/\/skryptorium.org\/index.php\/wp-json\/wp\/v2\/types\/page"}],"author":[{"embeddable":true,"href":"https:\/\/skryptorium.org\/index.php\/wp-json\/wp\/v2\/users\/1"}],"replies":[{"embeddable":true,"href":"https:\/\/skryptorium.org\/index.php\/wp-json\/wp\/v2\/comments?post=3"}],"version-history":[{"count":2,"href":"https:\/\/skryptorium.org\/index.php\/wp-json\/wp\/v2\/pages\/3\/revisions"}],"predecessor-version":[{"id":238,"href":"https:\/\/skryptorium.org\/index.php\/wp-json\/wp\/v2\/pages\/3\/revisions\/238"}],"wp:attachment":[{"href":"https:\/\/skryptorium.org\/index.php\/wp-json\/wp\/v2\/media?parent=3"}],"curies":[{"name":"wp","href":"https:\/\/api.w.org\/{rel}","templated":true}]}}