{"id":2,"date":"2021-01-04T13:48:46","date_gmt":"2021-01-04T13:48:46","guid":{"rendered":"http:\/\/skryptorium.org\/?page_id=2"},"modified":"2023-08-17T14:43:49","modified_gmt":"2023-08-17T14:43:49","slug":"sample-page","status":"publish","type":"page","link":"https:\/\/skryptorium.org\/index.php\/sample-page\/","title":{"rendered":"o nas"},"content":{"rendered":"\n<h2 class=\"wp-block-heading\">O nas | Statut Fundacji | Dane kontaktowe|<\/h2>\n\n\n<p style=\"text-align: justify;\">Przesz\u0142o\u015b\u0107 jest zbyt wa\u017cna, by o niej zapomnie\u0107. Jej \u015blady s\u0105 wok\u00f3\u0142 nas na ka\u017cdym kroku, je\u015bli tylko potrafimy je zauwa\u017cy\u0107 &#8211; wykrywaczem, sercem, umys\u0142em, wiedz\u0105\u2026 Pami\u0119tamy o niej, bo przesz\u0142o\u015b\u0107 kszta\u0142tuje nasz\u0105 tera\u017aniejszo\u015b\u0107 i przysz\u0142o\u015b\u0107.<\/p>\n<p style=\"text-align: justify;\">Skryptorium (\u0142ac. <em>scriptorium<\/em> od <em>scribere<\/em> -\u201episa\u0107\u201d) to \u015bredniowieczna nazwa pulpitu do pisania i czytania, a tak\u017ce ca\u0142o\u015bci warsztatu pisarskiego. W klasztorach skryptoriami nazywano pomieszczenia, w kt\u00f3rych przepisywano r\u0119cznie ksi\u0119gi. Zakonnik\u00f3w zajmuj\u0105cych si\u0119 r\u0119kopi\u015bmiennictwem nazywano skryptorami lub skrybami. Z czasem powsta\u0142y dzi\u0119ki nim takie specjalizacje, jak kaligrafia i iluminacja (miniatura).<\/p>\n<p style=\"text-align: justify;\">Nasza Fundacja w 2021 roku przyj\u0119\u0142a nazw\u0119 &#8222;Skryptorium&#8221; w\u0142a\u015bnie dlatego, \u017ce w wi\u0119kszo\u015bci zawodowo zajmujemy si\u0119 dziennikarstwem lokalnym &#8211; aktualnie na portalu www.niezalezne.media oraz www.szlakiem.lat &#8211; kt\u00f3re opr\u00f3cz dziennikarskich i publicystycznych materia\u0142\u00f3w, du\u017co miejsca po\u015bwi\u0119caj\u0105 odkrywcom, historii ma\u0142ej i du\u017cej, a tak\u017ce wszelkiego rodzaju wyprawom i wydarzeniom historycznym. Nie jeste\u015bmy poszukiwaczami, ale dokumentujemy r\u00f3\u017cne wydarzenia \u015brodowisk eksploracyjnych, sami r\u00f3wnie\u017c mamy w planach kilka ciekawych wydarze\u0144.\u00a0<\/p>\n<p style=\"text-align: justify;\">Prywatnie interesujemy si\u0119 zagadkami z przesz\u0142o\u015bci. Kt\u00f3\u017c przecie\u017c nie chcia\u0142 by\u0107 Indian\u0105 Jonesem&#8230;? Znale\u017a\u0107 co najmniej Ark\u0119 Przymierza, albo Ark\u0119 Noego&#8230;? Fascynacja tematem od m\u0142odzie\u0144czych lat owocowa\u0142a szukaniem w biblijnych i wczesnohistorycznych \u017ar\u00f3d\u0142ach wszelkich wiadomo\u015bci. Jak si\u0119 okazuje, Arka Przymierza to nie jedyny biblijny skarb, kt\u00f3ry gdzie\u015b mo\u017ce na kogo\u015b czeka.<\/p>\n<p style=\"text-align: justify;\">Jednak zasadniczo w naszej codziennej dzia\u0142alno\u015bci wydobywamy na \u015bwiat\u0142o dzienne relikty przesz\u0142o\u015bci zatopione w morzach, ukryte w ziemi, w starych murach, ruinach, \u015bwi\u0105tyniach, zamkach, czy te\u017c zapisane w ksi\u0119gach. Wsp\u00f3\u0142pracujemy ze stowarzyszeniami, fundacjami, prywatnymi jednostkami muzealnymi, uczestniczymy w badaniach i eksploracjach. Od 2021 roku zaczynamy nasz nowy rozdzia\u0142 dzia\u0142alno\u015bci, z now\u0105 stron\u0105: skryptorium.org, na kt\u00f3r\u0105 zapraszamy wszystkich zainteresowanych histori\u0105 i eksploracjami: tymi du\u017cymi i tymi ca\u0142kiem ma\u0142ymi. Nawet tymi, kt\u00f3re si\u0119 przydarzaj\u0105 spadaj\u0105c z roweru \ud83d\ude09 Odkrywc\u0105 historii mo\u017ce by\u0107 ka\u017cdy.<\/p>\n\n\n<p><strong>Statut Fundacji <\/strong><\/p>\n\n\n\n<div class=\"wp-block-file\"><a id=\"wp-block-file--media-b65b4b31-a228-47a3-aa47-0969a0558e27\" href=\"https:\/\/skryptorium.org\/wp-content\/uploads\/2021\/08\/statut.pdf\">Statut<\/a><a href=\"https:\/\/skryptorium.org\/wp-content\/uploads\/2021\/08\/statut.pdf\" class=\"wp-block-file__button wp-element-button\" download aria-describedby=\"wp-block-file--media-b65b4b31-a228-47a3-aa47-0969a0558e27\">Pobierz<\/a><\/div>\n\n\n\n<p><strong>Dane kontaktowe: <\/strong><\/p>\n\n\n\n<p>fundacja@skryptorium.org<\/p>\n\n\n\n<p>tel. 603 751 714<\/p>\n\n\n\n<p>KRS: 0000656664<\/p>\n\n\n\n<p>REGON:&nbsp; 366231492&nbsp;&nbsp;<\/p>\n\n\n\n<p>NIP: 671-182-30-29<\/p>\n","protected":false},"excerpt":{"rendered":"<p>O nas | Statut Fundacji | Dane kontaktowe| Przesz\u0142o\u015b\u0107 jest zbyt wa\u017cna, by o niej zapomnie\u0107. Jej \u015blady s\u0105 wok\u00f3\u0142 nas na ka\u017cdym kroku, je\u015bli tylko potrafimy je zauwa\u017cy\u0107 &#8211; wykrywaczem, sercem, umys\u0142em, wiedz\u0105\u2026 Pami\u0119tamy o niej, bo przesz\u0142o\u015b\u0107 kszta\u0142tuje nasz\u0105 tera\u017aniejszo\u015b\u0107 i przysz\u0142o\u015b\u0107. Skryptorium (\u0142ac. scriptorium od scribere -\u201episa\u0107\u201d)&#8230;<\/p>\n","protected":false},"author":1,"featured_media":0,"parent":0,"menu_order":0,"comment_status":"closed","ping_status":"closed","template":"","meta":{"footnotes":""},"class_list":["post-2","page","type-page","status-publish","hentry"],"yoast_head":"<!-- This site is optimized with the Yoast SEO plugin v26.9 - https:\/\/yoast.com\/product\/yoast-seo-wordpress\/ -->\n<title>o nas - Fundacja &quot;Skryptorium&quot;<\/title>\n<meta name=\"robots\" content=\"index, follow, max-snippet:-1, max-image-preview:large, max-video-preview:-1\" \/>\n<link rel=\"canonical\" href=\"https:\/\/skryptorium.org\/index.php\/sample-page\/\" \/>\n<meta property=\"og:locale\" content=\"pl_PL\" \/>\n<meta property=\"og:type\" content=\"article\" \/>\n<meta property=\"og:title\" content=\"o nas - Fundacja &quot;Skryptorium&quot;\" \/>\n<meta property=\"og:description\" content=\"O nas | Statut Fundacji | Dane kontaktowe| Przesz\u0142o\u015b\u0107 jest zbyt wa\u017cna, by o niej zapomnie\u0107. Jej \u015blady s\u0105 wok\u00f3\u0142 nas na ka\u017cdym kroku, je\u015bli tylko potrafimy je zauwa\u017cy\u0107 &#8211; wykrywaczem, sercem, umys\u0142em, wiedz\u0105\u2026 Pami\u0119tamy o niej, bo przesz\u0142o\u015b\u0107 kszta\u0142tuje nasz\u0105 tera\u017aniejszo\u015b\u0107 i przysz\u0142o\u015b\u0107. Skryptorium (\u0142ac. scriptorium od scribere -\u201episa\u0107\u201d)...\" \/>\n<meta property=\"og:url\" content=\"https:\/\/skryptorium.org\/index.php\/sample-page\/\" \/>\n<meta property=\"og:site_name\" content=\"Fundacja &quot;Skryptorium&quot;\" \/>\n<meta property=\"article:publisher\" content=\"https:\/\/www.facebook.com\/fundacja.skryptorium\/\" \/>\n<meta property=\"article:modified_time\" content=\"2023-08-17T14:43:49+00:00\" \/>\n<meta name=\"twitter:card\" content=\"summary_large_image\" \/>\n<meta name=\"twitter:label1\" content=\"Szacowany czas czytania\" \/>\n\t<meta name=\"twitter:data1\" content=\"2 minuty\" \/>\n<script type=\"application\/ld+json\" class=\"yoast-schema-graph\">{\"@context\":\"https:\/\/schema.org\",\"@graph\":[{\"@type\":\"WebPage\",\"@id\":\"https:\/\/skryptorium.org\/index.php\/sample-page\/\",\"url\":\"https:\/\/skryptorium.org\/index.php\/sample-page\/\",\"name\":\"o nas - Fundacja &quot;Skryptorium&quot;\",\"isPartOf\":{\"@id\":\"https:\/\/skryptorium.org\/#website\"},\"datePublished\":\"2021-01-04T13:48:46+00:00\",\"dateModified\":\"2023-08-17T14:43:49+00:00\",\"breadcrumb\":{\"@id\":\"https:\/\/skryptorium.org\/index.php\/sample-page\/#breadcrumb\"},\"inLanguage\":\"pl-PL\",\"potentialAction\":[{\"@type\":\"ReadAction\",\"target\":[\"https:\/\/skryptorium.org\/index.php\/sample-page\/\"]}]},{\"@type\":\"BreadcrumbList\",\"@id\":\"https:\/\/skryptorium.org\/index.php\/sample-page\/#breadcrumb\",\"itemListElement\":[{\"@type\":\"ListItem\",\"position\":1,\"name\":\"Strona g\u0142\u00f3wna\",\"item\":\"https:\/\/skryptorium.org\/\"},{\"@type\":\"ListItem\",\"position\":2,\"name\":\"o nas\"}]},{\"@type\":\"WebSite\",\"@id\":\"https:\/\/skryptorium.org\/#website\",\"url\":\"https:\/\/skryptorium.org\/\",\"name\":\"Fundacja \\\"Skryptorium\\\"\",\"description\":\"Historia - archeologia - badania - eksploracja - relacje \",\"publisher\":{\"@id\":\"https:\/\/skryptorium.org\/#organization\"},\"potentialAction\":[{\"@type\":\"SearchAction\",\"target\":{\"@type\":\"EntryPoint\",\"urlTemplate\":\"https:\/\/skryptorium.org\/?s={search_term_string}\"},\"query-input\":{\"@type\":\"PropertyValueSpecification\",\"valueRequired\":true,\"valueName\":\"search_term_string\"}}],\"inLanguage\":\"pl-PL\"},{\"@type\":\"Organization\",\"@id\":\"https:\/\/skryptorium.org\/#organization\",\"name\":\"Fundacja \\\"Skryptorium\\\"\",\"url\":\"https:\/\/skryptorium.org\/\",\"logo\":{\"@type\":\"ImageObject\",\"inLanguage\":\"pl-PL\",\"@id\":\"https:\/\/skryptorium.org\/#\/schema\/logo\/image\/\",\"url\":\"http:\/\/skryptorium.org\/wp-content\/uploads\/2021\/02\/skryptorium-belka-2.jpg\",\"contentUrl\":\"http:\/\/skryptorium.org\/wp-content\/uploads\/2021\/02\/skryptorium-belka-2.jpg\",\"width\":2000,\"height\":300,\"caption\":\"Fundacja \\\"Skryptorium\\\"\"},\"image\":{\"@id\":\"https:\/\/skryptorium.org\/#\/schema\/logo\/image\/\"},\"sameAs\":[\"https:\/\/www.facebook.com\/fundacja.skryptorium\/\"]}]}<\/script>\n<!-- \/ Yoast SEO plugin. -->","yoast_head_json":{"title":"o nas - Fundacja &quot;Skryptorium&quot;","robots":{"index":"index","follow":"follow","max-snippet":"max-snippet:-1","max-image-preview":"max-image-preview:large","max-video-preview":"max-video-preview:-1"},"canonical":"https:\/\/skryptorium.org\/index.php\/sample-page\/","og_locale":"pl_PL","og_type":"article","og_title":"o nas - Fundacja &quot;Skryptorium&quot;","og_description":"O nas | Statut Fundacji | Dane kontaktowe| Przesz\u0142o\u015b\u0107 jest zbyt wa\u017cna, by o niej zapomnie\u0107. Jej \u015blady s\u0105 wok\u00f3\u0142 nas na ka\u017cdym kroku, je\u015bli tylko potrafimy je zauwa\u017cy\u0107 &#8211; wykrywaczem, sercem, umys\u0142em, wiedz\u0105\u2026 Pami\u0119tamy o niej, bo przesz\u0142o\u015b\u0107 kszta\u0142tuje nasz\u0105 tera\u017aniejszo\u015b\u0107 i przysz\u0142o\u015b\u0107. Skryptorium (\u0142ac. scriptorium od scribere -\u201episa\u0107\u201d)...","og_url":"https:\/\/skryptorium.org\/index.php\/sample-page\/","og_site_name":"Fundacja &quot;Skryptorium&quot;","article_publisher":"https:\/\/www.facebook.com\/fundacja.skryptorium\/","article_modified_time":"2023-08-17T14:43:49+00:00","twitter_card":"summary_large_image","twitter_misc":{"Szacowany czas czytania":"2 minuty"},"schema":{"@context":"https:\/\/schema.org","@graph":[{"@type":"WebPage","@id":"https:\/\/skryptorium.org\/index.php\/sample-page\/","url":"https:\/\/skryptorium.org\/index.php\/sample-page\/","name":"o nas - Fundacja &quot;Skryptorium&quot;","isPartOf":{"@id":"https:\/\/skryptorium.org\/#website"},"datePublished":"2021-01-04T13:48:46+00:00","dateModified":"2023-08-17T14:43:49+00:00","breadcrumb":{"@id":"https:\/\/skryptorium.org\/index.php\/sample-page\/#breadcrumb"},"inLanguage":"pl-PL","potentialAction":[{"@type":"ReadAction","target":["https:\/\/skryptorium.org\/index.php\/sample-page\/"]}]},{"@type":"BreadcrumbList","@id":"https:\/\/skryptorium.org\/index.php\/sample-page\/#breadcrumb","itemListElement":[{"@type":"ListItem","position":1,"name":"Strona g\u0142\u00f3wna","item":"https:\/\/skryptorium.org\/"},{"@type":"ListItem","position":2,"name":"o nas"}]},{"@type":"WebSite","@id":"https:\/\/skryptorium.org\/#website","url":"https:\/\/skryptorium.org\/","name":"Fundacja \"Skryptorium\"","description":"Historia - archeologia - badania - eksploracja - relacje ","publisher":{"@id":"https:\/\/skryptorium.org\/#organization"},"potentialAction":[{"@type":"SearchAction","target":{"@type":"EntryPoint","urlTemplate":"https:\/\/skryptorium.org\/?s={search_term_string}"},"query-input":{"@type":"PropertyValueSpecification","valueRequired":true,"valueName":"search_term_string"}}],"inLanguage":"pl-PL"},{"@type":"Organization","@id":"https:\/\/skryptorium.org\/#organization","name":"Fundacja \"Skryptorium\"","url":"https:\/\/skryptorium.org\/","logo":{"@type":"ImageObject","inLanguage":"pl-PL","@id":"https:\/\/skryptorium.org\/#\/schema\/logo\/image\/","url":"http:\/\/skryptorium.org\/wp-content\/uploads\/2021\/02\/skryptorium-belka-2.jpg","contentUrl":"http:\/\/skryptorium.org\/wp-content\/uploads\/2021\/02\/skryptorium-belka-2.jpg","width":2000,"height":300,"caption":"Fundacja \"Skryptorium\""},"image":{"@id":"https:\/\/skryptorium.org\/#\/schema\/logo\/image\/"},"sameAs":["https:\/\/www.facebook.com\/fundacja.skryptorium\/"]}]}},"jetpack_sharing_enabled":true,"jetpack_likes_enabled":false,"_links":{"self":[{"href":"https:\/\/skryptorium.org\/index.php\/wp-json\/wp\/v2\/pages\/2","targetHints":{"allow":["GET"]}}],"collection":[{"href":"https:\/\/skryptorium.org\/index.php\/wp-json\/wp\/v2\/pages"}],"about":[{"href":"https:\/\/skryptorium.org\/index.php\/wp-json\/wp\/v2\/types\/page"}],"author":[{"embeddable":true,"href":"https:\/\/skryptorium.org\/index.php\/wp-json\/wp\/v2\/users\/1"}],"replies":[{"embeddable":true,"href":"https:\/\/skryptorium.org\/index.php\/wp-json\/wp\/v2\/comments?post=2"}],"version-history":[{"count":19,"href":"https:\/\/skryptorium.org\/index.php\/wp-json\/wp\/v2\/pages\/2\/revisions"}],"predecessor-version":[{"id":787,"href":"https:\/\/skryptorium.org\/index.php\/wp-json\/wp\/v2\/pages\/2\/revisions\/787"}],"wp:attachment":[{"href":"https:\/\/skryptorium.org\/index.php\/wp-json\/wp\/v2\/media?parent=2"}],"curies":[{"name":"wp","href":"https:\/\/api.w.org\/{rel}","templated":true}]}}