{"id":1046,"date":"2024-01-01T16:56:07","date_gmt":"2024-01-01T16:56:07","guid":{"rendered":"https:\/\/skryptorium.org\/?page_id=1046"},"modified":"2024-01-01T17:14:09","modified_gmt":"2024-01-01T17:14:09","slug":"przekaz-15-swojego-podatku","status":"publish","type":"page","link":"https:\/\/skryptorium.org\/index.php\/przekaz-15-swojego-podatku\/","title":{"rendered":"Przeka\u017c 1,5% swojego podatku\u00a0"},"content":{"rendered":"<p>Od 2024 roku mamy mo\u017cliwo\u015b\u0107 pozyskiwania na swoj\u0105 dzia\u0142alno\u015b\u0107 1,5 procent z Pa\u0144stwa podatku. B\u0119dzie nam ogromnie mi\u0142o, je\u015bli podczas wype\u0142niania swojego corocznego zeznania podatkowego przeka\u017cecie te \u015brodki w\u0142a\u015bnie nam.<\/p>\n<p>To bardzo proste:<\/p>\n<p>&#8211; wystarczy podczas wype\u0142niania formularza PIT wpisa\u0107 KRS: 000270261<br \/>\noraz poni\u017cszy cel szczeg\u00f3\u0142owy: Fundacja Skryptorium 15222<\/p>\n<p><img data-recalc-dims=\"1\" loading=\"lazy\" decoding=\"async\" class=\"size-full wp-image-1051 aligncenter\" src=\"https:\/\/i0.wp.com\/skryptorium.org\/wp-content\/uploads\/2024\/01\/procent-OK.jpeg?resize=521%2C234&#038;ssl=1\" alt=\"\" width=\"521\" height=\"234\" srcset=\"https:\/\/i0.wp.com\/skryptorium.org\/wp-content\/uploads\/2024\/01\/procent-OK.jpeg?w=521&amp;ssl=1 521w, https:\/\/i0.wp.com\/skryptorium.org\/wp-content\/uploads\/2024\/01\/procent-OK.jpeg?resize=300%2C135&amp;ssl=1 300w, https:\/\/i0.wp.com\/skryptorium.org\/wp-content\/uploads\/2024\/01\/procent-OK.jpeg?resize=360%2C162&amp;ssl=1 360w\" sizes=\"auto, (max-width: 521px) 100vw, 521px\" \/><\/p>\n<p>Dzi\u0119kujemy!<\/p>\n","protected":false},"excerpt":{"rendered":"<p>Od 2024 roku mamy mo\u017cliwo\u015b\u0107 pozyskiwania na swoj\u0105 dzia\u0142alno\u015b\u0107 1,5 procent z Pa\u0144stwa podatku. B\u0119dzie nam ogromnie mi\u0142o, je\u015bli podczas wype\u0142niania swojego corocznego zeznania podatkowego przeka\u017cecie te \u015brodki w\u0142a\u015bnie nam. To bardzo proste: &#8211; wystarczy podczas wype\u0142niania formularza PIT wpisa\u0107 KRS: 000270261 oraz poni\u017cszy cel szczeg\u00f3\u0142owy: Fundacja Skryptorium 15222 Dzi\u0119kujemy!<\/p>\n","protected":false},"author":1,"featured_media":0,"parent":0,"menu_order":0,"comment_status":"closed","ping_status":"closed","template":"","meta":{"footnotes":""},"class_list":["post-1046","page","type-page","status-publish","hentry"],"yoast_head":"<!-- This site is optimized with the Yoast SEO plugin v26.9 - https:\/\/yoast.com\/product\/yoast-seo-wordpress\/ -->\n<title>Przeka\u017c 1,5% swojego podatku\u00a0 - Fundacja &quot;Skryptorium&quot;<\/title>\n<meta name=\"robots\" content=\"index, follow, max-snippet:-1, max-image-preview:large, max-video-preview:-1\" \/>\n<link rel=\"canonical\" href=\"https:\/\/skryptorium.org\/index.php\/przekaz-15-swojego-podatku\/\" \/>\n<meta property=\"og:locale\" content=\"pl_PL\" \/>\n<meta property=\"og:type\" content=\"article\" \/>\n<meta property=\"og:title\" content=\"Przeka\u017c 1,5% swojego podatku\u00a0 - Fundacja &quot;Skryptorium&quot;\" \/>\n<meta property=\"og:description\" content=\"Od 2024 roku mamy mo\u017cliwo\u015b\u0107 pozyskiwania na swoj\u0105 dzia\u0142alno\u015b\u0107 1,5 procent z Pa\u0144stwa podatku. B\u0119dzie nam ogromnie mi\u0142o, je\u015bli podczas wype\u0142niania swojego corocznego zeznania podatkowego przeka\u017cecie te \u015brodki w\u0142a\u015bnie nam. To bardzo proste: &#8211; wystarczy podczas wype\u0142niania formularza PIT wpisa\u0107 KRS: 000270261 oraz poni\u017cszy cel szczeg\u00f3\u0142owy: Fundacja Skryptorium 15222 Dzi\u0119kujemy!\" \/>\n<meta property=\"og:url\" content=\"https:\/\/skryptorium.org\/index.php\/przekaz-15-swojego-podatku\/\" \/>\n<meta property=\"og:site_name\" content=\"Fundacja &quot;Skryptorium&quot;\" \/>\n<meta property=\"article:publisher\" content=\"https:\/\/www.facebook.com\/fundacja.skryptorium\/\" \/>\n<meta property=\"article:modified_time\" content=\"2024-01-01T17:14:09+00:00\" \/>\n<meta property=\"og:image\" content=\"http:\/\/skryptorium.org\/wp-content\/uploads\/2024\/01\/procent-OK.jpeg\" \/>\n<meta name=\"twitter:card\" content=\"summary_large_image\" \/>\n<script type=\"application\/ld+json\" class=\"yoast-schema-graph\">{\"@context\":\"https:\/\/schema.org\",\"@graph\":[{\"@type\":\"WebPage\",\"@id\":\"https:\/\/skryptorium.org\/index.php\/przekaz-15-swojego-podatku\/\",\"url\":\"https:\/\/skryptorium.org\/index.php\/przekaz-15-swojego-podatku\/\",\"name\":\"Przeka\u017c 1,5% swojego podatku\u00a0 - Fundacja &quot;Skryptorium&quot;\",\"isPartOf\":{\"@id\":\"https:\/\/skryptorium.org\/#website\"},\"primaryImageOfPage\":{\"@id\":\"https:\/\/skryptorium.org\/index.php\/przekaz-15-swojego-podatku\/#primaryimage\"},\"image\":{\"@id\":\"https:\/\/skryptorium.org\/index.php\/przekaz-15-swojego-podatku\/#primaryimage\"},\"thumbnailUrl\":\"http:\/\/skryptorium.org\/wp-content\/uploads\/2024\/01\/procent-OK.jpeg\",\"datePublished\":\"2024-01-01T16:56:07+00:00\",\"dateModified\":\"2024-01-01T17:14:09+00:00\",\"breadcrumb\":{\"@id\":\"https:\/\/skryptorium.org\/index.php\/przekaz-15-swojego-podatku\/#breadcrumb\"},\"inLanguage\":\"pl-PL\",\"potentialAction\":[{\"@type\":\"ReadAction\",\"target\":[\"https:\/\/skryptorium.org\/index.php\/przekaz-15-swojego-podatku\/\"]}]},{\"@type\":\"ImageObject\",\"inLanguage\":\"pl-PL\",\"@id\":\"https:\/\/skryptorium.org\/index.php\/przekaz-15-swojego-podatku\/#primaryimage\",\"url\":\"http:\/\/skryptorium.org\/wp-content\/uploads\/2024\/01\/procent-OK.jpeg\",\"contentUrl\":\"http:\/\/skryptorium.org\/wp-content\/uploads\/2024\/01\/procent-OK.jpeg\"},{\"@type\":\"BreadcrumbList\",\"@id\":\"https:\/\/skryptorium.org\/index.php\/przekaz-15-swojego-podatku\/#breadcrumb\",\"itemListElement\":[{\"@type\":\"ListItem\",\"position\":1,\"name\":\"Strona g\u0142\u00f3wna\",\"item\":\"https:\/\/skryptorium.org\/\"},{\"@type\":\"ListItem\",\"position\":2,\"name\":\"Przeka\u017c 1,5% swojego podatku\u00a0\"}]},{\"@type\":\"WebSite\",\"@id\":\"https:\/\/skryptorium.org\/#website\",\"url\":\"https:\/\/skryptorium.org\/\",\"name\":\"Fundacja \\\"Skryptorium\\\"\",\"description\":\"Historia - archeologia - badania - eksploracja - relacje \",\"publisher\":{\"@id\":\"https:\/\/skryptorium.org\/#organization\"},\"potentialAction\":[{\"@type\":\"SearchAction\",\"target\":{\"@type\":\"EntryPoint\",\"urlTemplate\":\"https:\/\/skryptorium.org\/?s={search_term_string}\"},\"query-input\":{\"@type\":\"PropertyValueSpecification\",\"valueRequired\":true,\"valueName\":\"search_term_string\"}}],\"inLanguage\":\"pl-PL\"},{\"@type\":\"Organization\",\"@id\":\"https:\/\/skryptorium.org\/#organization\",\"name\":\"Fundacja \\\"Skryptorium\\\"\",\"url\":\"https:\/\/skryptorium.org\/\",\"logo\":{\"@type\":\"ImageObject\",\"inLanguage\":\"pl-PL\",\"@id\":\"https:\/\/skryptorium.org\/#\/schema\/logo\/image\/\",\"url\":\"http:\/\/skryptorium.org\/wp-content\/uploads\/2021\/02\/skryptorium-belka-2.jpg\",\"contentUrl\":\"http:\/\/skryptorium.org\/wp-content\/uploads\/2021\/02\/skryptorium-belka-2.jpg\",\"width\":2000,\"height\":300,\"caption\":\"Fundacja \\\"Skryptorium\\\"\"},\"image\":{\"@id\":\"https:\/\/skryptorium.org\/#\/schema\/logo\/image\/\"},\"sameAs\":[\"https:\/\/www.facebook.com\/fundacja.skryptorium\/\"]}]}<\/script>\n<!-- \/ Yoast SEO plugin. -->","yoast_head_json":{"title":"Przeka\u017c 1,5% swojego podatku\u00a0 - Fundacja &quot;Skryptorium&quot;","robots":{"index":"index","follow":"follow","max-snippet":"max-snippet:-1","max-image-preview":"max-image-preview:large","max-video-preview":"max-video-preview:-1"},"canonical":"https:\/\/skryptorium.org\/index.php\/przekaz-15-swojego-podatku\/","og_locale":"pl_PL","og_type":"article","og_title":"Przeka\u017c 1,5% swojego podatku\u00a0 - Fundacja &quot;Skryptorium&quot;","og_description":"Od 2024 roku mamy mo\u017cliwo\u015b\u0107 pozyskiwania na swoj\u0105 dzia\u0142alno\u015b\u0107 1,5 procent z Pa\u0144stwa podatku. B\u0119dzie nam ogromnie mi\u0142o, je\u015bli podczas wype\u0142niania swojego corocznego zeznania podatkowego przeka\u017cecie te \u015brodki w\u0142a\u015bnie nam. To bardzo proste: &#8211; wystarczy podczas wype\u0142niania formularza PIT wpisa\u0107 KRS: 000270261 oraz poni\u017cszy cel szczeg\u00f3\u0142owy: Fundacja Skryptorium 15222 Dzi\u0119kujemy!","og_url":"https:\/\/skryptorium.org\/index.php\/przekaz-15-swojego-podatku\/","og_site_name":"Fundacja &quot;Skryptorium&quot;","article_publisher":"https:\/\/www.facebook.com\/fundacja.skryptorium\/","article_modified_time":"2024-01-01T17:14:09+00:00","og_image":[{"url":"http:\/\/skryptorium.org\/wp-content\/uploads\/2024\/01\/procent-OK.jpeg","type":"","width":"","height":""}],"twitter_card":"summary_large_image","schema":{"@context":"https:\/\/schema.org","@graph":[{"@type":"WebPage","@id":"https:\/\/skryptorium.org\/index.php\/przekaz-15-swojego-podatku\/","url":"https:\/\/skryptorium.org\/index.php\/przekaz-15-swojego-podatku\/","name":"Przeka\u017c 1,5% swojego podatku\u00a0 - Fundacja &quot;Skryptorium&quot;","isPartOf":{"@id":"https:\/\/skryptorium.org\/#website"},"primaryImageOfPage":{"@id":"https:\/\/skryptorium.org\/index.php\/przekaz-15-swojego-podatku\/#primaryimage"},"image":{"@id":"https:\/\/skryptorium.org\/index.php\/przekaz-15-swojego-podatku\/#primaryimage"},"thumbnailUrl":"http:\/\/skryptorium.org\/wp-content\/uploads\/2024\/01\/procent-OK.jpeg","datePublished":"2024-01-01T16:56:07+00:00","dateModified":"2024-01-01T17:14:09+00:00","breadcrumb":{"@id":"https:\/\/skryptorium.org\/index.php\/przekaz-15-swojego-podatku\/#breadcrumb"},"inLanguage":"pl-PL","potentialAction":[{"@type":"ReadAction","target":["https:\/\/skryptorium.org\/index.php\/przekaz-15-swojego-podatku\/"]}]},{"@type":"ImageObject","inLanguage":"pl-PL","@id":"https:\/\/skryptorium.org\/index.php\/przekaz-15-swojego-podatku\/#primaryimage","url":"http:\/\/skryptorium.org\/wp-content\/uploads\/2024\/01\/procent-OK.jpeg","contentUrl":"http:\/\/skryptorium.org\/wp-content\/uploads\/2024\/01\/procent-OK.jpeg"},{"@type":"BreadcrumbList","@id":"https:\/\/skryptorium.org\/index.php\/przekaz-15-swojego-podatku\/#breadcrumb","itemListElement":[{"@type":"ListItem","position":1,"name":"Strona g\u0142\u00f3wna","item":"https:\/\/skryptorium.org\/"},{"@type":"ListItem","position":2,"name":"Przeka\u017c 1,5% swojego podatku\u00a0"}]},{"@type":"WebSite","@id":"https:\/\/skryptorium.org\/#website","url":"https:\/\/skryptorium.org\/","name":"Fundacja \"Skryptorium\"","description":"Historia - archeologia - badania - eksploracja - relacje ","publisher":{"@id":"https:\/\/skryptorium.org\/#organization"},"potentialAction":[{"@type":"SearchAction","target":{"@type":"EntryPoint","urlTemplate":"https:\/\/skryptorium.org\/?s={search_term_string}"},"query-input":{"@type":"PropertyValueSpecification","valueRequired":true,"valueName":"search_term_string"}}],"inLanguage":"pl-PL"},{"@type":"Organization","@id":"https:\/\/skryptorium.org\/#organization","name":"Fundacja \"Skryptorium\"","url":"https:\/\/skryptorium.org\/","logo":{"@type":"ImageObject","inLanguage":"pl-PL","@id":"https:\/\/skryptorium.org\/#\/schema\/logo\/image\/","url":"http:\/\/skryptorium.org\/wp-content\/uploads\/2021\/02\/skryptorium-belka-2.jpg","contentUrl":"http:\/\/skryptorium.org\/wp-content\/uploads\/2021\/02\/skryptorium-belka-2.jpg","width":2000,"height":300,"caption":"Fundacja \"Skryptorium\""},"image":{"@id":"https:\/\/skryptorium.org\/#\/schema\/logo\/image\/"},"sameAs":["https:\/\/www.facebook.com\/fundacja.skryptorium\/"]}]}},"jetpack_sharing_enabled":true,"jetpack_likes_enabled":false,"_links":{"self":[{"href":"https:\/\/skryptorium.org\/index.php\/wp-json\/wp\/v2\/pages\/1046","targetHints":{"allow":["GET"]}}],"collection":[{"href":"https:\/\/skryptorium.org\/index.php\/wp-json\/wp\/v2\/pages"}],"about":[{"href":"https:\/\/skryptorium.org\/index.php\/wp-json\/wp\/v2\/types\/page"}],"author":[{"embeddable":true,"href":"https:\/\/skryptorium.org\/index.php\/wp-json\/wp\/v2\/users\/1"}],"replies":[{"embeddable":true,"href":"https:\/\/skryptorium.org\/index.php\/wp-json\/wp\/v2\/comments?post=1046"}],"version-history":[{"count":4,"href":"https:\/\/skryptorium.org\/index.php\/wp-json\/wp\/v2\/pages\/1046\/revisions"}],"predecessor-version":[{"id":1053,"href":"https:\/\/skryptorium.org\/index.php\/wp-json\/wp\/v2\/pages\/1046\/revisions\/1053"}],"wp:attachment":[{"href":"https:\/\/skryptorium.org\/index.php\/wp-json\/wp\/v2\/media?parent=1046"}],"curies":[{"name":"wp","href":"https:\/\/api.w.org\/{rel}","templated":true}]}}